{"id":733,"date":"2024-05-31T17:51:46","date_gmt":"2024-05-31T15:51:46","guid":{"rendered":"https:\/\/mkgame.fr\/?page_id=733"},"modified":"2024-06-03T13:31:26","modified_gmt":"2024-06-03T11:31:26","slug":"lagence","status":"publish","type":"page","link":"https:\/\/mkgame.fr\/index.php\/lagence\/","title":{"rendered":"L&rsquo;Agence"},"content":{"rendered":"\n<div id=\"wp-block-themeisle-blocks-advanced-columns-3c858e48\" class=\"wp-block-themeisle-blocks-advanced-columns alignfull has-1-columns has-desktop-equal-layout has-tablet-equal-layout has-mobile-equal-layout has-vertical-unset\"><div class=\"wp-block-themeisle-blocks-advanced-columns-overlay\"><\/div><div class=\"innerblocks-wrap\">\n<div id=\"wp-block-themeisle-blocks-advanced-column-ee4731d8\" class=\"wp-block-themeisle-blocks-advanced-column\">\n<div style=\"height:30px\" aria-hidden=\"true\" class=\"wp-block-spacer\"><\/div>\n\n\n\n<h1 class=\"wp-block-heading has-text-align-left has-nv-text-dark-bg-color has-text-color\">REPONDRE A VOS BESOINS<\/h1>\n<\/div>\n<\/div><\/div>\n\n\n\n<div id=\"wp-block-themeisle-blocks-advanced-columns-9c6dfc4d\" class=\"wp-block-themeisle-blocks-advanced-columns alignwide has-2-columns has-desktop-equal-layout has-tablet-equal-layout has-mobile-collapsedRows-layout has-vertical-unset has-light-bg\"><div class=\"wp-block-themeisle-blocks-advanced-columns-overlay\"><\/div><div class=\"innerblocks-wrap\">\n<div id=\"wp-block-themeisle-blocks-advanced-column-e4afdf8a\" class=\"wp-block-themeisle-blocks-advanced-column has-light-bg\">\n<h2 id=\"wp-block-themeisle-blocks-advanced-heading-0baba795\" class=\"wp-block-themeisle-blocks-advanced-heading wp-block-themeisle-blocks-advanced-heading-0baba795\"><br><br>Propuls\u00e9e par la passion, aliment\u00e9e par les projets<\/h2>\n\n\n\n<p>L&rsquo;objectif de notre agence est d\u2019\u00eatre \u00e0 100% \u00e0 votre \u00e9coute et \u00e0 votre disposition pour vous permettre de r\u00e9ussir de mani\u00e8re optimale votre strat\u00e9gie marketing au service de votre r\u00e9ussite commerciale.<\/p>\n<\/div>\n\n\n\n<div id=\"wp-block-themeisle-blocks-advanced-column-9e8f5363\" class=\"wp-block-themeisle-blocks-advanced-column\">\n<figure class=\"wp-block-image size-full\"><img loading=\"lazy\" decoding=\"async\" width=\"600\" height=\"600\" src=\"http:\/\/mkgame.fr\/wp-content\/uploads\/2022\/03\/cory-billingsley-PQ36AkKJfAc-unsplash2-2.jpg\" alt=\"\" class=\"wp-image-638\" srcset=\"https:\/\/mkgame.fr\/wp-content\/uploads\/2022\/03\/cory-billingsley-PQ36AkKJfAc-unsplash2-2.jpg 600w, https:\/\/mkgame.fr\/wp-content\/uploads\/2022\/03\/cory-billingsley-PQ36AkKJfAc-unsplash2-2-300x300.jpg 300w, https:\/\/mkgame.fr\/wp-content\/uploads\/2022\/03\/cory-billingsley-PQ36AkKJfAc-unsplash2-2-150x150.jpg 150w\" sizes=\"auto, (max-width: 600px) 100vw, 600px\" \/><\/figure>\n<\/div>\n<\/div><\/div>\n\n\n\n<div class=\"wp-block-columns is-layout-flex wp-container-core-columns-is-layout-9d6595d7 wp-block-columns-is-layout-flex\">\n<div class=\"wp-block-column is-layout-flow wp-block-column-is-layout-flow\">\n<div class=\"wp-block-group\"><div class=\"wp-block-group__inner-container is-layout-constrained wp-block-group-is-layout-constrained\">\n<div id=\"wp-block-themeisle-blocks-font-awesome-icons-e6f1d95b\" class=\"wp-block-themeisle-blocks-font-awesome-icons\"><span class=\"wp-block-themeisle-blocks-font-awesome-icons-container\"><i class=\"fas fa-hashtag\"><\/i><\/span><\/div>\n\n\n\n<h6 id=\"wp-block-themeisle-blocks-advanced-heading-a5558271\" class=\"wp-block-themeisle-blocks-advanced-heading wp-block-themeisle-blocks-advanced-heading-a5558271\">Communication Social Media<\/h6>\n<\/div><\/div>\n<\/div>\n\n\n\n<div class=\"wp-block-column is-layout-flow wp-block-column-is-layout-flow\">\n<div class=\"wp-block-group\"><div class=\"wp-block-group__inner-container is-layout-constrained wp-block-group-is-layout-constrained\">\n<div id=\"wp-block-themeisle-blocks-font-awesome-icons-e81a8459\" class=\"wp-block-themeisle-blocks-font-awesome-icons\"><span class=\"wp-block-themeisle-blocks-font-awesome-icons-container\"><i class=\"fas fa-chess\"><\/i><\/span><\/div>\n\n\n\n<h6 id=\"wp-block-themeisle-blocks-advanced-heading-f5c60ad0\" class=\"wp-block-themeisle-blocks-advanced-heading wp-block-themeisle-blocks-advanced-heading-f5c60ad0\">Strat\u00e9gie Marketing<\/h6>\n<\/div><\/div>\n<\/div>\n\n\n\n<div class=\"wp-block-column is-layout-flow wp-block-column-is-layout-flow\">\n<div class=\"wp-block-group\"><div class=\"wp-block-group__inner-container is-layout-constrained wp-block-group-is-layout-constrained\">\n<div id=\"wp-block-themeisle-blocks-font-awesome-icons-d341c206\" class=\"wp-block-themeisle-blocks-font-awesome-icons\"><span class=\"wp-block-themeisle-blocks-font-awesome-icons-container\"><i class=\"far fa-registered\"><\/i><\/span><\/div>\n\n\n\n<h6 id=\"wp-block-themeisle-blocks-advanced-heading-9da9bc06\" class=\"wp-block-themeisle-blocks-advanced-heading wp-block-themeisle-blocks-advanced-heading-9da9bc06\">Brand Management<\/h6>\n<\/div><\/div>\n<\/div>\n\n\n\n<div class=\"wp-block-column is-layout-flow wp-block-column-is-layout-flow\">\n<div class=\"wp-block-group\"><div class=\"wp-block-group__inner-container is-layout-constrained wp-block-group-is-layout-constrained\">\n<div id=\"wp-block-themeisle-blocks-font-awesome-icons-092c35bf\" class=\"wp-block-themeisle-blocks-font-awesome-icons\"><span class=\"wp-block-themeisle-blocks-font-awesome-icons-container\"><i class=\"fab fa-creative-commons\"><\/i><\/span><\/div>\n\n\n\n<h6 id=\"wp-block-themeisle-blocks-advanced-heading-f49d5557\" class=\"wp-block-themeisle-blocks-advanced-heading wp-block-themeisle-blocks-advanced-heading-f49d5557\">Cr\u00e9ations Visuelles<\/h6>\n<\/div><\/div>\n<\/div>\n\n\n\n<div class=\"wp-block-column is-layout-flow wp-block-column-is-layout-flow\">\n<div class=\"wp-block-group\"><div class=\"wp-block-group__inner-container is-layout-constrained wp-block-group-is-layout-constrained\">\n<div id=\"wp-block-themeisle-blocks-font-awesome-icons-2d57f9d3\" class=\"wp-block-themeisle-blocks-font-awesome-icons\"><span class=\"wp-block-themeisle-blocks-font-awesome-icons-container\"><i class=\"fas fa-rocket\"><\/i><\/span><\/div>\n\n\n\n<h6 id=\"wp-block-themeisle-blocks-advanced-heading-d56689a3\" class=\"wp-block-themeisle-blocks-advanced-heading wp-block-themeisle-blocks-advanced-heading-d56689a3\">Lancement de Produits<\/h6>\n<\/div><\/div>\n<\/div>\n\n\n\n<div class=\"wp-block-column is-layout-flow wp-block-column-is-layout-flow\">\n<div class=\"wp-block-group\"><div class=\"wp-block-group__inner-container is-layout-constrained wp-block-group-is-layout-constrained\">\n<div id=\"wp-block-themeisle-blocks-font-awesome-icons-36af4cb0\" class=\"wp-block-themeisle-blocks-font-awesome-icons\"><span class=\"wp-block-themeisle-blocks-font-awesome-icons-container\"><i class=\"fas fa-basketball-ball\"><\/i><\/span><\/div>\n\n\n\n<h6 id=\"wp-block-themeisle-blocks-advanced-heading-702d7598\" class=\"wp-block-themeisle-blocks-advanced-heading wp-block-themeisle-blocks-advanced-heading-702d7598\">Marketing Sportif<\/h6>\n<\/div><\/div>\n<\/div>\n<\/div>\n\n\n\n<div id=\"wp-block-themeisle-blocks-advanced-columns-d0e4cc03\" class=\"wp-block-themeisle-blocks-advanced-columns has-1-columns has-desktop-equal-layout has-tablet-equal-layout has-mobile-equal-layout has-vertical-unset\"><div class=\"wp-block-themeisle-blocks-advanced-columns-overlay\"><\/div><div class=\"innerblocks-wrap\">\n<div id=\"wp-block-themeisle-blocks-advanced-column-04727002\" class=\"wp-block-themeisle-blocks-advanced-column\"><\/div>\n<\/div><\/div>\n\n\n\n<div class=\"wp-block-buttons is-content-justification-center is-layout-flex wp-container-core-buttons-is-layout-16018d1d wp-block-buttons-is-layout-flex\">\n<div class=\"wp-block-button is-style-primary\"><a class=\"wp-block-button__link wp-element-button\" href=\"https:\/\/mkgame.fr\/index.php\/realisations\/\">D\u00e9couvrez nos r\u00e9alisations<\/a><\/div>\n<\/div>\n\n\n\n<div id=\"wp-block-themeisle-blocks-advanced-columns-e5b9bd62\" class=\"wp-block-themeisle-blocks-advanced-columns has-1-columns has-desktop-equal-layout has-tablet-equal-layout has-mobile-equal-layout has-vertical-unset\"><div class=\"wp-block-themeisle-blocks-advanced-columns-overlay\"><\/div><div class=\"innerblocks-wrap\">\n<div id=\"wp-block-themeisle-blocks-advanced-column-90ce1f63\" class=\"wp-block-themeisle-blocks-advanced-column\"><\/div>\n<\/div><\/div>\n\n\n\n<div id=\"wp-block-themeisle-blocks-advanced-columns-9a6d826b\" class=\"wp-block-themeisle-blocks-advanced-columns alignwide has-2-columns has-desktop-equal-layout has-tablet-equal-layout has-mobile-collapsedRows-layout has-vertical-unset has-light-bg\"><div class=\"wp-block-themeisle-blocks-advanced-columns-overlay\"><\/div><div class=\"innerblocks-wrap\">\n<div id=\"wp-block-themeisle-blocks-advanced-column-cbb2f607\" class=\"wp-block-themeisle-blocks-advanced-column\">\n<figure class=\"wp-block-image size-full\"><img loading=\"lazy\" decoding=\"async\" width=\"600\" height=\"600\" src=\"http:\/\/mkgame.fr\/wp-content\/uploads\/2022\/03\/siana-goodwin-BmktBtKSl3Y-unsplash2.jpg\" alt=\"\" class=\"wp-image-483\" srcset=\"https:\/\/mkgame.fr\/wp-content\/uploads\/2022\/03\/siana-goodwin-BmktBtKSl3Y-unsplash2.jpg 600w, https:\/\/mkgame.fr\/wp-content\/uploads\/2022\/03\/siana-goodwin-BmktBtKSl3Y-unsplash2-300x300.jpg 300w, https:\/\/mkgame.fr\/wp-content\/uploads\/2022\/03\/siana-goodwin-BmktBtKSl3Y-unsplash2-150x150.jpg 150w\" sizes=\"auto, (max-width: 600px) 100vw, 600px\" \/><\/figure>\n<\/div>\n\n\n\n<div id=\"wp-block-themeisle-blocks-advanced-column-cd8b22d7\" class=\"wp-block-themeisle-blocks-advanced-column has-light-bg\">\n<h2 id=\"wp-block-themeisle-blocks-advanced-heading-7ffb820e\" class=\"wp-block-themeisle-blocks-advanced-heading wp-block-themeisle-blocks-advanced-heading-7ffb820e\">Nos expertises au service de vos projets<\/h2>\n\n\n\n<p>Nous sommes votre partenaire sur tous les volets de votre strat\u00e9gie marketing et commerciale. Notre expertise nous permet de vous offrir une r\u00e9ponse \u00e0 360\u00b0 : image de marque, cr\u00e9ation de contenu, communication sur les r\u00e9seaux sociaux, cr\u00e9ation de support commercial, lancement de produits, conseil en sponsoring\u2026<\/p>\n\n\n\n<p>Des conseillers agiles pour vos strat\u00e9gies marketing et de communication : consultant sp\u00e9cialist Marketing, Communication Digitale &amp; Business Development avec +15 ans d&rsquo;exp\u00e9rience dans leurs domaines (Olympique de Marseille, Rockstar Games, Sportfive&#8230;).<\/p>\n<\/div>\n<\/div><\/div>\n\n\n\n<div class=\"wp-block-columns is-layout-flex wp-container-core-columns-is-layout-9d6595d7 wp-block-columns-is-layout-flex\">\n<div class=\"wp-block-column is-layout-flow wp-block-column-is-layout-flow\">\n<div class=\"wp-block-group\"><div class=\"wp-block-group__inner-container is-layout-constrained wp-block-group-is-layout-constrained\">\n<div id=\"wp-block-themeisle-blocks-font-awesome-icons-7a7e14ba\" class=\"wp-block-themeisle-blocks-font-awesome-icons\"><span class=\"wp-block-themeisle-blocks-font-awesome-icons-container\"><i class=\"fas fa-toolbox\"><\/i><\/span><\/div>\n\n\n\n<h6 id=\"wp-block-themeisle-blocks-advanced-heading-6b24c61a\" class=\"wp-block-themeisle-blocks-advanced-heading wp-block-themeisle-blocks-advanced-heading-6b24c61a\">POLYVALENCE<\/h6>\n<\/div><\/div>\n<\/div>\n\n\n\n<div class=\"wp-block-column is-layout-flow wp-block-column-is-layout-flow\">\n<div class=\"wp-block-group\"><div class=\"wp-block-group__inner-container is-layout-constrained wp-block-group-is-layout-constrained\">\n<div id=\"wp-block-themeisle-blocks-font-awesome-icons-5dc0cdf4\" class=\"wp-block-themeisle-blocks-font-awesome-icons\"><span class=\"wp-block-themeisle-blocks-font-awesome-icons-container\"><i class=\"fas fa-stopwatch\"><\/i><\/span><\/div>\n\n\n\n<h6 id=\"wp-block-themeisle-blocks-advanced-heading-0c98a3a3\" class=\"wp-block-themeisle-blocks-advanced-heading wp-block-themeisle-blocks-advanced-heading-0c98a3a3\">R\u00c9ACTIVIT\u00c9<\/h6>\n<\/div><\/div>\n<\/div>\n\n\n\n<div class=\"wp-block-column is-layout-flow wp-block-column-is-layout-flow\">\n<div class=\"wp-block-group\"><div class=\"wp-block-group__inner-container is-layout-constrained wp-block-group-is-layout-constrained\">\n<div id=\"wp-block-themeisle-blocks-font-awesome-icons-cd61e191\" class=\"wp-block-themeisle-blocks-font-awesome-icons\"><span class=\"wp-block-themeisle-blocks-font-awesome-icons-container\"><i class=\"far fa-lightbulb\"><\/i><\/span><\/div>\n\n\n\n<h6 id=\"wp-block-themeisle-blocks-advanced-heading-22cda658\" class=\"wp-block-themeisle-blocks-advanced-heading wp-block-themeisle-blocks-advanced-heading-22cda658\">COMP\u00c9TENCES<\/h6>\n<\/div><\/div>\n<\/div>\n\n\n\n<div class=\"wp-block-column is-layout-flow wp-block-column-is-layout-flow\">\n<div class=\"wp-block-group\"><div class=\"wp-block-group__inner-container is-layout-constrained wp-block-group-is-layout-constrained\">\n<div id=\"wp-block-themeisle-blocks-font-awesome-icons-f6ddb1bc\" class=\"wp-block-themeisle-blocks-font-awesome-icons\"><span class=\"wp-block-themeisle-blocks-font-awesome-icons-container\"><i class=\"fab fa-gg-circle\"><\/i><\/span><\/div>\n\n\n\n<h6 id=\"wp-block-themeisle-blocks-advanced-heading-2df15282\" class=\"wp-block-themeisle-blocks-advanced-heading wp-block-themeisle-blocks-advanced-heading-2df15282\">AGILIT\u00c9<\/h6>\n<\/div><\/div>\n<\/div>\n\n\n\n<div class=\"wp-block-column is-layout-flow wp-block-column-is-layout-flow\">\n<div class=\"wp-block-group\"><div class=\"wp-block-group__inner-container is-layout-constrained wp-block-group-is-layout-constrained\">\n<div id=\"wp-block-themeisle-blocks-font-awesome-icons-2c38cff3\" class=\"wp-block-themeisle-blocks-font-awesome-icons\"><span class=\"wp-block-themeisle-blocks-font-awesome-icons-container\"><i class=\"far fa-eye\"><\/i><\/span><\/div>\n\n\n\n<h6 id=\"wp-block-themeisle-blocks-advanced-heading-911b1402\" class=\"wp-block-themeisle-blocks-advanced-heading wp-block-themeisle-blocks-advanced-heading-911b1402\">VISIBLIT\u00c9<\/h6>\n<\/div><\/div>\n<\/div>\n\n\n\n<div class=\"wp-block-column is-layout-flow wp-block-column-is-layout-flow\">\n<div class=\"wp-block-group\"><div class=\"wp-block-group__inner-container is-layout-constrained wp-block-group-is-layout-constrained\">\n<div id=\"wp-block-themeisle-blocks-font-awesome-icons-63bd1f35\" class=\"wp-block-themeisle-blocks-font-awesome-icons\"><span class=\"wp-block-themeisle-blocks-font-awesome-icons-container\"><i class=\"fab fa-gripfire\"><\/i><\/span><\/div>\n\n\n\n<h6 id=\"wp-block-themeisle-blocks-advanced-heading-ca9d2c85\" class=\"wp-block-themeisle-blocks-advanced-heading wp-block-themeisle-blocks-advanced-heading-ca9d2c85\">PASSIONN\u00c9<\/h6>\n<\/div><\/div>\n<\/div>\n<\/div>\n\n\n\n<div id=\"wp-block-themeisle-blocks-advanced-columns-9bfe26b7\" class=\"wp-block-themeisle-blocks-advanced-columns has-1-columns has-desktop-equal-layout has-tablet-equal-layout has-mobile-equal-layout has-vertical-unset\"><div class=\"wp-block-themeisle-blocks-advanced-columns-overlay\"><\/div><div class=\"innerblocks-wrap\">\n<div id=\"wp-block-themeisle-blocks-advanced-column-c0caf06b\" class=\"wp-block-themeisle-blocks-advanced-column\"><\/div>\n<\/div><\/div>\n\n\n\n<section id=\"wp-block-themeisle-blocks-advanced-columns-faf6acdf\" class=\"wp-block-themeisle-blocks-advanced-columns alignfull has-1-columns has-desktop-equal-layout has-tablet-equal-layout has-mobile-equal-layout has-vertical-center has-dark-bg\"><div class=\"wp-block-themeisle-blocks-advanced-columns-overlay\"><\/div><div class=\"innerblocks-wrap\">\n<div id=\"wp-block-themeisle-blocks-advanced-column-7ec5acd4\" class=\"wp-block-themeisle-blocks-advanced-column\">\n<h1 id=\"wp-block-themeisle-blocks-advanced-heading-13ce2b13\" class=\"wp-block-themeisle-blocks-advanced-heading wp-block-themeisle-blocks-advanced-heading-13ce2b13\">Besoin de Conseils en Marketing et Communication Digitale ?<\/h1>\n\n\n\n<p class=\"has-text-align-center has-white-color has-text-color\">Contactez-nous pour toutes demandes d\u2019informations et de devis, nous reviendrons vers vous dans les plus brefs d\u00e9lais pour vous apporter tous les conseils dont vous avez besoin.<\/p>\n\n\n\n<div class=\"wp-block-buttons is-content-justification-center is-layout-flex wp-container-core-buttons-is-layout-16018d1d wp-block-buttons-is-layout-flex\">\n<div class=\"wp-block-button is-style-primary\"><a class=\"wp-block-button__link wp-element-button\" href=\"http:\/\/mkgame.fr\/index.php\/b34cf-contact\/\">Contactez-nous<\/a><\/div>\n<\/div>\n<\/div>\n<\/div><\/section>\n\n\n\n<div style=\"height:50px\" aria-hidden=\"true\" class=\"wp-block-spacer\"><\/div>\n\n\n<div class=\"wp-block-image is-style-default\">\n<figure class=\"aligncenter size-large is-resized\"><a href=\"http:\/\/mkgame.fr\/\"><img loading=\"lazy\" decoding=\"async\" width=\"1024\" height=\"139\" src=\"http:\/\/mkgame.fr\/wp-content\/uploads\/2022\/03\/MarketinGame-Logo-Horizontal-Couleurs-1024x139.jpg\" alt=\"\" class=\"wp-image-294\" style=\"width:256px;height:35px\" srcset=\"https:\/\/mkgame.fr\/wp-content\/uploads\/2022\/03\/MarketinGame-Logo-Horizontal-Couleurs-1024x139.jpg 1024w, https:\/\/mkgame.fr\/wp-content\/uploads\/2022\/03\/MarketinGame-Logo-Horizontal-Couleurs-300x41.jpg 300w, https:\/\/mkgame.fr\/wp-content\/uploads\/2022\/03\/MarketinGame-Logo-Horizontal-Couleurs-768x104.jpg 768w, https:\/\/mkgame.fr\/wp-content\/uploads\/2022\/03\/MarketinGame-Logo-Horizontal-Couleurs-1536x209.jpg 1536w, https:\/\/mkgame.fr\/wp-content\/uploads\/2022\/03\/MarketinGame-Logo-Horizontal-Couleurs-2048x278.jpg 2048w\" sizes=\"auto, (max-width: 1024px) 100vw, 1024px\" \/><\/a><\/figure><\/div>\n\n\n<p><\/p>\n","protected":false},"excerpt":{"rendered":"","protected":false},"author":1,"featured_media":0,"parent":0,"menu_order":0,"comment_status":"closed","ping_status":"closed","template":"page-templates\/template-pagebuilder-full-width.php","meta":{"neve_meta_sidebar":"","neve_meta_container":"","neve_meta_enable_content_width":"","neve_meta_content_width":0,"neve_meta_title_alignment":"","neve_meta_author_avatar":"","neve_post_elements_order":"","neve_meta_disable_header":"","neve_meta_disable_footer":"","neve_meta_disable_title":"","_themeisle_gutenberg_block_has_review":false,"footnotes":""},"class_list":["post-733","page","type-page","status-publish","hentry"],"amp_enabled":true,"_links":{"self":[{"href":"https:\/\/mkgame.fr\/index.php\/wp-json\/wp\/v2\/pages\/733","targetHints":{"allow":["GET"]}}],"collection":[{"href":"https:\/\/mkgame.fr\/index.php\/wp-json\/wp\/v2\/pages"}],"about":[{"href":"https:\/\/mkgame.fr\/index.php\/wp-json\/wp\/v2\/types\/page"}],"author":[{"embeddable":true,"href":"https:\/\/mkgame.fr\/index.php\/wp-json\/wp\/v2\/users\/1"}],"replies":[{"embeddable":true,"href":"https:\/\/mkgame.fr\/index.php\/wp-json\/wp\/v2\/comments?post=733"}],"version-history":[{"count":27,"href":"https:\/\/mkgame.fr\/index.php\/wp-json\/wp\/v2\/pages\/733\/revisions"}],"predecessor-version":[{"id":785,"href":"https:\/\/mkgame.fr\/index.php\/wp-json\/wp\/v2\/pages\/733\/revisions\/785"}],"wp:attachment":[{"href":"https:\/\/mkgame.fr\/index.php\/wp-json\/wp\/v2\/media?parent=733"}],"curies":[{"name":"wp","href":"https:\/\/api.w.org\/{rel}","templated":true}]}}