{"id":435,"date":"2022-03-29T13:53:14","date_gmt":"2022-03-29T11:53:14","guid":{"rendered":"http:\/\/mkgame.fr\/?page_id=435"},"modified":"2022-03-29T23:33:55","modified_gmt":"2022-03-29T21:33:55","slug":"realisations","status":"publish","type":"page","link":"https:\/\/mkgame.fr\/index.php\/realisations\/","title":{"rendered":"R\u00e9alisations"},"content":{"rendered":"\n<div id=\"wp-block-themeisle-blocks-advanced-columns-3c858e48\" class=\"wp-block-themeisle-blocks-advanced-columns alignfull has-1-columns has-desktop-equal-layout has-tablet-equal-layout has-mobile-equal-layout has-vertical-unset\"><div class=\"wp-block-themeisle-blocks-advanced-columns-overlay\"><\/div><div class=\"innerblocks-wrap\">\n<div id=\"wp-block-themeisle-blocks-advanced-column-ee4731d8\" class=\"wp-block-themeisle-blocks-advanced-column\">\n<div style=\"height:30px\" aria-hidden=\"true\" class=\"wp-block-spacer\"><\/div>\n\n\n\n<h1 class=\"has-text-align-left has-nv-text-dark-bg-color has-text-color wp-block-heading\">NOS REALISATIONS<\/h1>\n<\/div>\n<\/div><\/div>\n\n\n\n<section id=\"wp-block-themeisle-blocks-advanced-columns-de72ff39\" class=\"wp-block-themeisle-blocks-advanced-columns alignfull has-2-columns has-desktop-equal-layout has-tablet-equal-layout has-mobile-collapsedRows-layout has-vertical-center\"><div class=\"wp-block-themeisle-blocks-advanced-columns-overlay\"><\/div><div class=\"innerblocks-wrap\">\n<div id=\"wp-block-themeisle-blocks-advanced-column-41f6cecb\" class=\"wp-block-themeisle-blocks-advanced-column\">\n<figure class=\"wp-block-image size-large\"><img loading=\"lazy\" decoding=\"async\" width=\"1024\" height=\"867\" src=\"http:\/\/mkgame.fr\/wp-content\/uploads\/2022\/03\/BF-Agency-1024x867.png\" alt=\"\" class=\"wp-image-454\" srcset=\"https:\/\/mkgame.fr\/wp-content\/uploads\/2022\/03\/BF-Agency-1024x867.png 1024w, https:\/\/mkgame.fr\/wp-content\/uploads\/2022\/03\/BF-Agency-300x254.png 300w, https:\/\/mkgame.fr\/wp-content\/uploads\/2022\/03\/BF-Agency-768x650.png 768w, https:\/\/mkgame.fr\/wp-content\/uploads\/2022\/03\/BF-Agency.png 1179w\" sizes=\"auto, (max-width: 1024px) 100vw, 1024px\" \/><\/figure>\n<\/div>\n\n\n\n<div id=\"wp-block-themeisle-blocks-advanced-column-5af0a9d5\" class=\"wp-block-themeisle-blocks-advanced-column\">\n<div id=\"wp-block-themeisle-blocks-advanced-heading-b6575732\" class=\"wp-block-themeisle-blocks-advanced-heading wp-block-themeisle-blocks-advanced-heading-b6575732\"><strong>BF AGENCY<\/strong><\/div>\n\n\n\n<h2 class=\"has-text-align-left wp-block-heading\" style=\"font-size:40px\">Gestion et Strat\u00e9gie Social Media<\/h2>\n\n\n\n<p class=\"has-text-align-left\"><strong>Agence d\u2019accompagnement des sportifs afin de les mettre en relation avec des marques.<\/strong><\/p>\n\n\n\n<ul class=\"wp-block-list\"><li>Cr\u00e9ation de supports visuels et graphiques pour communication Instagram : posts et stories<\/li><li>Conseil sur la strat\u00e9gie \u00e9ditoriale et communication sur les r\u00e9seaux sociaux<\/li><\/ul>\n<\/div>\n<\/div><\/section>\n\n\n\n<section id=\"wp-block-themeisle-blocks-advanced-columns-e7931e5c\" class=\"wp-block-themeisle-blocks-advanced-columns alignfull has-2-columns has-desktop-equal-layout has-tablet-equal-layout has-mobile-collapsedRows-layout has-vertical-center\"><div class=\"wp-block-themeisle-blocks-advanced-columns-overlay\"><\/div><div class=\"innerblocks-wrap\">\n<div id=\"wp-block-themeisle-blocks-advanced-column-311d4b3f\" class=\"wp-block-themeisle-blocks-advanced-column\">\n<div id=\"wp-block-themeisle-blocks-advanced-heading-740905dd\" class=\"wp-block-themeisle-blocks-advanced-heading wp-block-themeisle-blocks-advanced-heading-740905dd\"><strong>QUADRISSIMO<\/strong><\/div>\n\n\n\n<h2 class=\"has-text-align-left has-nv-site-bg-color has-text-color wp-block-heading\" style=\"font-size:40px\">Cr\u00e9ation Support de Prospection<\/h2>\n\n\n\n<p class=\"has-text-align-left has-nv-site-bg-color has-text-color\"><strong>Atelier d\u2019impression num\u00e9rique allant de la signal\u00e9tique g\u00e9ante \u00e0 l\u2019exposition de prestige.<\/strong><\/p>\n\n\n\n<ul class=\"has-nv-site-bg-color has-text-color wp-block-list\"><li>Cr\u00e9ation d\u2019un support commercial et dossier de prospection<\/li><li>R\u00e9alisation et mise en page d\u2019un document de 40 pages<\/li><\/ul>\n<\/div>\n\n\n\n<div id=\"wp-block-themeisle-blocks-advanced-column-49224624\" class=\"wp-block-themeisle-blocks-advanced-column\">\n<figure class=\"wp-block-image size-large\"><img loading=\"lazy\" decoding=\"async\" width=\"1024\" height=\"975\" src=\"http:\/\/mkgame.fr\/wp-content\/uploads\/2022\/03\/quadrissimo-1024x975.png\" alt=\"\" class=\"wp-image-455\" srcset=\"https:\/\/mkgame.fr\/wp-content\/uploads\/2022\/03\/quadrissimo-1024x975.png 1024w, https:\/\/mkgame.fr\/wp-content\/uploads\/2022\/03\/quadrissimo-300x286.png 300w, https:\/\/mkgame.fr\/wp-content\/uploads\/2022\/03\/quadrissimo-768x731.png 768w, https:\/\/mkgame.fr\/wp-content\/uploads\/2022\/03\/quadrissimo.png 1031w\" sizes=\"auto, (max-width: 1024px) 100vw, 1024px\" \/><\/figure>\n<\/div>\n<\/div><\/section>\n\n\n\n<section id=\"wp-block-themeisle-blocks-advanced-columns-63d58301\" class=\"wp-block-themeisle-blocks-advanced-columns alignfull has-2-columns has-desktop-equal-layout has-tablet-equal-layout has-mobile-collapsedRows-layout has-vertical-center\"><div class=\"wp-block-themeisle-blocks-advanced-columns-overlay\"><\/div><div class=\"innerblocks-wrap\">\n<div id=\"wp-block-themeisle-blocks-advanced-column-a255c812\" class=\"wp-block-themeisle-blocks-advanced-column\">\n<figure class=\"wp-block-image size-full\"><img loading=\"lazy\" decoding=\"async\" width=\"919\" height=\"981\" src=\"http:\/\/mkgame.fr\/wp-content\/uploads\/2022\/03\/Beeboo.png\" alt=\"\" class=\"wp-image-456\" srcset=\"https:\/\/mkgame.fr\/wp-content\/uploads\/2022\/03\/Beeboo.png 919w, https:\/\/mkgame.fr\/wp-content\/uploads\/2022\/03\/Beeboo-281x300.png 281w, https:\/\/mkgame.fr\/wp-content\/uploads\/2022\/03\/Beeboo-768x820.png 768w\" sizes=\"auto, (max-width: 919px) 100vw, 919px\" \/><\/figure>\n<\/div>\n\n\n\n<div id=\"wp-block-themeisle-blocks-advanced-column-e9ec5a7b\" class=\"wp-block-themeisle-blocks-advanced-column\">\n<div id=\"wp-block-themeisle-blocks-advanced-heading-a6223160\" class=\"wp-block-themeisle-blocks-advanced-heading wp-block-themeisle-blocks-advanced-heading-a6223160\"><strong>BEEBOO<\/strong><\/div>\n\n\n\n<h2 class=\"has-text-align-left wp-block-heading\" style=\"font-size:40px\">Gestion Social Media &amp; Campagne de Promotion<\/h2>\n\n\n\n<p class=\"has-text-align-left\"><strong>Location de mat\u00e9riels de pu\u00e9riculture et de v\u00eatements pour b\u00e9b\u00e9.<\/strong><\/p>\n\n\n\n<ul class=\"wp-block-list\"><li>Cr\u00e9ation de contenus pour les campagnes Facebook &amp; Instagram<\/li><li>Planification et gestion des campagnes publicitaires<\/li><li>Mise \u00e0 jour de la section magazine du site avec la r\u00e9daction d\u2019articles pour augmenter l\u2019audience<\/li><\/ul>\n<\/div>\n<\/div><\/section>\n\n\n\n<section id=\"wp-block-themeisle-blocks-advanced-columns-84f875cf\" class=\"wp-block-themeisle-blocks-advanced-columns alignfull has-2-columns has-desktop-equal-layout has-tablet-equal-layout has-mobile-collapsedRows-layout has-vertical-center\"><div class=\"wp-block-themeisle-blocks-advanced-columns-overlay\"><\/div><div class=\"innerblocks-wrap\">\n<div id=\"wp-block-themeisle-blocks-advanced-column-298929e8\" class=\"wp-block-themeisle-blocks-advanced-column\">\n<div id=\"wp-block-themeisle-blocks-advanced-heading-a67275dc\" class=\"wp-block-themeisle-blocks-advanced-heading wp-block-themeisle-blocks-advanced-heading-a67275dc\"><strong>BF AGENCY<\/strong><\/div>\n\n\n\n<h2 class=\"has-text-align-left has-nv-site-bg-color has-text-color wp-block-heading\" style=\"font-size:40px\">R\u00e9alisation de Supports &amp; Prospection<\/h2>\n\n\n\n<p class=\"has-text-align-left has-nv-site-bg-color has-text-color\"><strong>Agence d\u2019accompagnement des sportifs afin de les mettre en relation avec des marques.<\/strong><\/p>\n\n\n\n<ul class=\"has-nv-light-bg-color has-text-color wp-block-list\"><li>R\u00e9alisation de supports de prospection<\/li><li>Prospection aupr\u00e8s des marques et annonceurs<\/li><li>Aide \u00e0 la mise en relation avec des agences de communication<\/li><\/ul>\n<\/div>\n\n\n\n<div id=\"wp-block-themeisle-blocks-advanced-column-6991d086\" class=\"wp-block-themeisle-blocks-advanced-column\">\n<figure class=\"wp-block-image size-large\"><img loading=\"lazy\" decoding=\"async\" width=\"1021\" height=\"1024\" src=\"http:\/\/mkgame.fr\/wp-content\/uploads\/2022\/03\/bf-1021x1024.png\" alt=\"\" class=\"wp-image-457\" srcset=\"https:\/\/mkgame.fr\/wp-content\/uploads\/2022\/03\/bf-1021x1024.png 1021w, https:\/\/mkgame.fr\/wp-content\/uploads\/2022\/03\/bf-300x300.png 300w, https:\/\/mkgame.fr\/wp-content\/uploads\/2022\/03\/bf-150x150.png 150w, https:\/\/mkgame.fr\/wp-content\/uploads\/2022\/03\/bf-768x770.png 768w, https:\/\/mkgame.fr\/wp-content\/uploads\/2022\/03\/bf.png 1096w\" sizes=\"auto, (max-width: 1021px) 100vw, 1021px\" \/><\/figure>\n<\/div>\n<\/div><\/section>\n\n\n\n<div style=\"height:50px\" aria-hidden=\"true\" class=\"wp-block-spacer\"><\/div>\n\n\n\n<div class=\"wp-block-image is-style-default\"><figure class=\"aligncenter size-large is-resized\"><a href=\"http:\/\/mkgame.fr\/\"><img loading=\"lazy\" decoding=\"async\" src=\"http:\/\/mkgame.fr\/wp-content\/uploads\/2022\/03\/MarketinGame-Logo-Horizontal-Couleurs-1024x139.jpg\" alt=\"\" class=\"wp-image-294\" width=\"256\" height=\"35\" srcset=\"https:\/\/mkgame.fr\/wp-content\/uploads\/2022\/03\/MarketinGame-Logo-Horizontal-Couleurs-1024x139.jpg 1024w, https:\/\/mkgame.fr\/wp-content\/uploads\/2022\/03\/MarketinGame-Logo-Horizontal-Couleurs-300x41.jpg 300w, https:\/\/mkgame.fr\/wp-content\/uploads\/2022\/03\/MarketinGame-Logo-Horizontal-Couleurs-768x104.jpg 768w, https:\/\/mkgame.fr\/wp-content\/uploads\/2022\/03\/MarketinGame-Logo-Horizontal-Couleurs-1536x209.jpg 1536w, https:\/\/mkgame.fr\/wp-content\/uploads\/2022\/03\/MarketinGame-Logo-Horizontal-Couleurs-2048x278.jpg 2048w\" sizes=\"auto, (max-width: 256px) 100vw, 256px\" \/><\/a><\/figure><\/div>\n\n\n\n<div style=\"height:50px\" aria-hidden=\"true\" class=\"wp-block-spacer\"><\/div>\n","protected":false},"excerpt":{"rendered":"","protected":false},"author":1,"featured_media":0,"parent":0,"menu_order":0,"comment_status":"closed","ping_status":"closed","template":"","meta":{"neve_meta_sidebar":"full-width","neve_meta_container":"contained","neve_meta_enable_content_width":"off","neve_meta_content_width":70,"neve_meta_title_alignment":"left","neve_meta_author_avatar":"","neve_post_elements_order":"","neve_meta_disable_header":"off","neve_meta_disable_footer":"","neve_meta_disable_title":"on","_themeisle_gutenberg_block_has_review":false,"footnotes":""},"class_list":["post-435","page","type-page","status-publish","hentry"],"amp_enabled":true,"_links":{"self":[{"href":"https:\/\/mkgame.fr\/index.php\/wp-json\/wp\/v2\/pages\/435","targetHints":{"allow":["GET"]}}],"collection":[{"href":"https:\/\/mkgame.fr\/index.php\/wp-json\/wp\/v2\/pages"}],"about":[{"href":"https:\/\/mkgame.fr\/index.php\/wp-json\/wp\/v2\/types\/page"}],"author":[{"embeddable":true,"href":"https:\/\/mkgame.fr\/index.php\/wp-json\/wp\/v2\/users\/1"}],"replies":[{"embeddable":true,"href":"https:\/\/mkgame.fr\/index.php\/wp-json\/wp\/v2\/comments?post=435"}],"version-history":[{"count":30,"href":"https:\/\/mkgame.fr\/index.php\/wp-json\/wp\/v2\/pages\/435\/revisions"}],"predecessor-version":[{"id":664,"href":"https:\/\/mkgame.fr\/index.php\/wp-json\/wp\/v2\/pages\/435\/revisions\/664"}],"wp:attachment":[{"href":"https:\/\/mkgame.fr\/index.php\/wp-json\/wp\/v2\/media?parent=435"}],"curies":[{"name":"wp","href":"https:\/\/api.w.org\/{rel}","templated":true}]}}