{"id":118,"date":"2020-04-04T00:02:49","date_gmt":"2020-04-03T22:02:49","guid":{"rendered":"https:\/\/demosites.io\/consultants-gb\/?page_id=69"},"modified":"2024-06-03T13:14:05","modified_gmt":"2024-06-03T11:14:05","slug":"b34cf-accueil","status":"publish","type":"page","link":"https:\/\/mkgame.fr\/","title":{"rendered":"Accueil"},"content":{"rendered":"\n<div id=\"wp-block-themeisle-blocks-advanced-columns-3c858e48\" class=\"wp-block-themeisle-blocks-advanced-columns alignfull has-1-columns has-desktop-equal-layout has-tablet-equal-layout has-mobile-equal-layout has-vertical-unset\"><div class=\"wp-block-themeisle-blocks-advanced-columns-overlay\"><\/div><div class=\"innerblocks-wrap\">\n<div id=\"wp-block-themeisle-blocks-advanced-column-ee4731d8\" class=\"wp-block-themeisle-blocks-advanced-column\">\n<div style=\"height:30px\" aria-hidden=\"true\" class=\"wp-block-spacer\"><\/div>\n\n\n\n<h1 class=\"wp-block-heading has-text-align-left has-nv-text-dark-bg-color has-text-color\">faciliter le conseil aux entreprises<\/h1>\n<\/div>\n<\/div><\/div>\n\n\n\n<div id=\"wp-block-themeisle-blocks-advanced-columns-5a0064ef\" class=\"wp-block-themeisle-blocks-advanced-columns alignfull has-3-columns has-desktop-equal-layout has-tablet-equal-layout has-mobile-collapsedRows-layout has-vertical-center has-light-bg\"><div class=\"wp-block-themeisle-blocks-advanced-columns-overlay\"><\/div><div class=\"innerblocks-wrap\">\n<div id=\"wp-block-themeisle-blocks-advanced-column-aa4ee1e7\" class=\"wp-block-themeisle-blocks-advanced-column has-light-bg\">\n<div id=\"wp-block-themeisle-blocks-font-awesome-icons-a01d7390\" class=\"wp-block-themeisle-blocks-font-awesome-icons\"><span class=\"wp-block-themeisle-blocks-font-awesome-icons-container\"><i class=\"fas fa-hashtag\"><\/i><\/span><\/div>\n\n\n\n<h4 id=\"wp-block-themeisle-blocks-advanced-heading-dfb39005\" class=\"wp-block-themeisle-blocks-advanced-heading wp-block-themeisle-blocks-advanced-heading-dfb39005\">  Social Media  <\/h4>\n\n\n\n<p class=\"has-text-align-center\">Communication &amp; activations sur tous les r\u00e9seaux sociaux.<\/p>\n<\/div>\n\n\n\n<div id=\"wp-block-themeisle-blocks-advanced-column-6c542091\" class=\"wp-block-themeisle-blocks-advanced-column has-light-bg\">\n<div id=\"wp-block-themeisle-blocks-font-awesome-icons-d3f67439\" class=\"wp-block-themeisle-blocks-font-awesome-icons\"><span class=\"wp-block-themeisle-blocks-font-awesome-icons-container\"><i class=\"fas fa-ad\"><\/i><\/span><\/div>\n\n\n\n<h4 id=\"wp-block-themeisle-blocks-advanced-heading-0c83c7e7\" class=\"wp-block-themeisle-blocks-advanced-heading wp-block-themeisle-blocks-advanced-heading-0c83c7e7\">  Promotion Marketing<\/h4>\n\n\n\n<p class=\"has-text-align-center\">Gestion des campagnes et plans de promotion, media &amp; digital .<\/p>\n<\/div>\n\n\n\n<div id=\"wp-block-themeisle-blocks-advanced-column-d0af69a2\" class=\"wp-block-themeisle-blocks-advanced-column has-light-bg\">\n<div id=\"wp-block-themeisle-blocks-font-awesome-icons-d0f79b43\" class=\"wp-block-themeisle-blocks-font-awesome-icons\"><span class=\"wp-block-themeisle-blocks-font-awesome-icons-container\"><i class=\"fas fa-copyright\"><\/i><\/span><\/div>\n\n\n\n<h4 id=\"wp-block-themeisle-blocks-advanced-heading-6cf96ba5\" class=\"wp-block-themeisle-blocks-advanced-heading wp-block-themeisle-blocks-advanced-heading-6cf96ba5\">Brand<\/h4>\n\n\n\n<p class=\"has-text-align-center\">Management de la marque et de l\u2019image de marque.<\/p>\n<\/div>\n<\/div><\/div>\n\n\n\n<div id=\"wp-block-themeisle-blocks-advanced-columns-435b7b7a\" class=\"wp-block-themeisle-blocks-advanced-columns alignfull has-3-columns has-desktop-equal-layout has-tablet-equal-layout has-mobile-collapsedRows-layout has-vertical-center has-light-bg\"><div class=\"wp-block-themeisle-blocks-advanced-columns-overlay\"><\/div><div class=\"innerblocks-wrap\">\n<div id=\"wp-block-themeisle-blocks-advanced-column-1d7d55b8\" class=\"wp-block-themeisle-blocks-advanced-column has-light-bg\">\n<div id=\"wp-block-themeisle-blocks-font-awesome-icons-5c918003\" class=\"wp-block-themeisle-blocks-font-awesome-icons\"><span class=\"wp-block-themeisle-blocks-font-awesome-icons-container\"><i class=\"fas fa-toolbox\"><\/i><\/span><\/div>\n\n\n\n<h4 id=\"wp-block-themeisle-blocks-advanced-heading-d283d8cd\" class=\"wp-block-themeisle-blocks-advanced-heading wp-block-themeisle-blocks-advanced-heading-d283d8cd\">  Commercial<\/h4>\n\n\n\n<p class=\"has-text-align-center\"> Cr\u00e9ation d\u2019outils et de supports marketing afin d&rsquo;am\u00e9liorer votre capacit\u00e9 commerciale. <\/p>\n<\/div>\n\n\n\n<div id=\"wp-block-themeisle-blocks-advanced-column-f2aaa9f5\" class=\"wp-block-themeisle-blocks-advanced-column has-light-bg\">\n<div class=\"wp-block-themeisle-blocks-service\">\n<div id=\"wp-block-themeisle-blocks-font-awesome-icons-ec7c0d54\" class=\"wp-block-themeisle-blocks-font-awesome-icons\"><span class=\"wp-block-themeisle-blocks-font-awesome-icons-container\"><i class=\"fas fa-rocket\"><\/i><\/span><\/div>\n\n\n\n<h4 id=\"wp-block-themeisle-blocks-advanced-heading-5f9ae639\" class=\"wp-block-themeisle-blocks-advanced-heading wp-block-themeisle-blocks-advanced-heading-5f9ae639\"> Produits &amp; Services <\/h4>\n\n\n\n<p class=\"has-text-align-center\"> Gestion et accompagnement dans le lancement de nouveaux produits et services. <\/p>\n<\/div>\n<\/div>\n\n\n\n<div id=\"wp-block-themeisle-blocks-advanced-column-dc389e62\" class=\"wp-block-themeisle-blocks-advanced-column has-light-bg\">\n<div class=\"wp-block-themeisle-blocks-service\">\n<div id=\"wp-block-themeisle-blocks-font-awesome-icons-732cbe5a\" class=\"wp-block-themeisle-blocks-font-awesome-icons\"><span class=\"wp-block-themeisle-blocks-font-awesome-icons-container\"><i class=\"fas fa-chess\"><\/i><\/span><\/div>\n\n\n\n<h4 id=\"wp-block-themeisle-blocks-advanced-heading-227b355a\" class=\"wp-block-themeisle-blocks-advanced-heading wp-block-themeisle-blocks-advanced-heading-227b355a\"> Strat\u00e9gie<\/h4>\n\n\n\n<p class=\"has-text-align-center\"> Mise en place et d\u00e9veloppement de votre strat\u00e9gie marketing et commerciale.<\/p>\n<\/div>\n<\/div>\n<\/div><\/div>\n\n\n\n<div id=\"wp-block-themeisle-blocks-advanced-columns-9c6dfc4d\" class=\"wp-block-themeisle-blocks-advanced-columns alignwide has-2-columns has-desktop-equal-layout has-tablet-equal-layout has-mobile-collapsedRows-layout has-vertical-unset has-light-bg\"><div class=\"wp-block-themeisle-blocks-advanced-columns-overlay\"><\/div><div class=\"innerblocks-wrap\">\n<div id=\"wp-block-themeisle-blocks-advanced-column-e4afdf8a\" class=\"wp-block-themeisle-blocks-advanced-column has-light-bg\">\n<h2 id=\"wp-block-themeisle-blocks-advanced-heading-0baba795\" class=\"wp-block-themeisle-blocks-advanced-heading wp-block-themeisle-blocks-advanced-heading-0baba795\"><br><br>Suivi permanent de vos projets<\/h2>\n\n\n\n<p>L&rsquo;objectif de notre agence est d\u2019\u00eatre \u00e0 100% \u00e0 votre \u00e9coute et \u00e0 votre disposition pour vous permettre de r\u00e9ussir de mani\u00e8re optimale votre strat\u00e9gie marketing au service de votre r\u00e9ussite commerciale.<\/p>\n<\/div>\n\n\n\n<div id=\"wp-block-themeisle-blocks-advanced-column-9e8f5363\" class=\"wp-block-themeisle-blocks-advanced-column\">\n<figure class=\"wp-block-image size-full\"><img loading=\"lazy\" decoding=\"async\" width=\"600\" height=\"600\" src=\"http:\/\/mkgame.fr\/wp-content\/uploads\/2022\/03\/cory-billingsley-PQ36AkKJfAc-unsplash2-2.jpg\" alt=\"\" class=\"wp-image-638\" srcset=\"https:\/\/mkgame.fr\/wp-content\/uploads\/2022\/03\/cory-billingsley-PQ36AkKJfAc-unsplash2-2.jpg 600w, https:\/\/mkgame.fr\/wp-content\/uploads\/2022\/03\/cory-billingsley-PQ36AkKJfAc-unsplash2-2-300x300.jpg 300w, https:\/\/mkgame.fr\/wp-content\/uploads\/2022\/03\/cory-billingsley-PQ36AkKJfAc-unsplash2-2-150x150.jpg 150w\" sizes=\"auto, (max-width: 600px) 100vw, 600px\" \/><\/figure>\n<\/div>\n<\/div><\/div>\n\n\n\n<div id=\"wp-block-themeisle-blocks-advanced-columns-9a6d826b\" class=\"wp-block-themeisle-blocks-advanced-columns alignwide has-2-columns has-desktop-equal-layout has-tablet-equal-layout has-mobile-collapsedRows-layout has-vertical-unset has-light-bg\"><div class=\"wp-block-themeisle-blocks-advanced-columns-overlay\"><\/div><div class=\"innerblocks-wrap\">\n<div id=\"wp-block-themeisle-blocks-advanced-column-cd8b22d7\" class=\"wp-block-themeisle-blocks-advanced-column has-light-bg\">\n<h2 id=\"wp-block-themeisle-blocks-advanced-heading-dac1d469\" class=\"wp-block-themeisle-blocks-advanced-heading wp-block-themeisle-blocks-advanced-heading-dac1d469\"><br><br>Service optimal et quotidien<\/h2>\n\n\n\n<p>Nous apportons notre expertise et nos conseils dans la strat\u00e9gie et la mise en place de projets pour des entreprises de toutes tailles afin de d\u00e9velopper leur croissance et leur march\u00e9.<\/p>\n<\/div>\n\n\n\n<div id=\"wp-block-themeisle-blocks-advanced-column-cbb2f607\" class=\"wp-block-themeisle-blocks-advanced-column\">\n<figure class=\"wp-block-image size-full\"><img loading=\"lazy\" decoding=\"async\" width=\"600\" height=\"600\" src=\"http:\/\/mkgame.fr\/wp-content\/uploads\/2022\/03\/siana-goodwin-BmktBtKSl3Y-unsplash2.jpg\" alt=\"\" class=\"wp-image-483\" srcset=\"https:\/\/mkgame.fr\/wp-content\/uploads\/2022\/03\/siana-goodwin-BmktBtKSl3Y-unsplash2.jpg 600w, https:\/\/mkgame.fr\/wp-content\/uploads\/2022\/03\/siana-goodwin-BmktBtKSl3Y-unsplash2-300x300.jpg 300w, https:\/\/mkgame.fr\/wp-content\/uploads\/2022\/03\/siana-goodwin-BmktBtKSl3Y-unsplash2-150x150.jpg 150w\" sizes=\"auto, (max-width: 600px) 100vw, 600px\" \/><\/figure>\n<\/div>\n<\/div><\/div>\n\n\n\n<div class=\"wp-block-buttons is-content-justification-center is-layout-flex wp-container-core-buttons-is-layout-16018d1d wp-block-buttons-is-layout-flex\">\n<div class=\"wp-block-button is-style-primary\"><a class=\"wp-block-button__link wp-element-button\" href=\"https:\/\/mkgame.fr\/index.php\/lagence\/\">D\u00e9couvrez l&rsquo;agence<\/a><\/div>\n<\/div>\n\n\n\n<div id=\"wp-block-themeisle-blocks-advanced-columns-56e6a598\" class=\"wp-block-themeisle-blocks-advanced-columns alignfull has-1-columns has-desktop-equal-layout has-tablet-equal-layout has-mobile-equal-layout has-vertical-unset\"><div class=\"wp-block-themeisle-blocks-advanced-columns-overlay\"><\/div><div class=\"innerblocks-wrap\">\n<div id=\"wp-block-themeisle-blocks-advanced-column-a1680bf6\" class=\"wp-block-themeisle-blocks-advanced-column\">\n<h2 id=\"wp-block-themeisle-blocks-advanced-heading-ee6014ff\" class=\"wp-block-themeisle-blocks-advanced-heading wp-block-themeisle-blocks-advanced-heading-ee6014ff\"> Ils nous font confiance<\/h2>\n<\/div>\n<\/div><\/div>\n\n\n\n<div id=\"wp-block-themeisle-blocks-advanced-columns-640376e0\" class=\"wp-block-themeisle-blocks-advanced-columns alignfull has-3-columns has-desktop-equal-layout has-tablet-equal-layout has-mobile-collapsedRows-layout has-vertical-unset\"><div class=\"wp-block-themeisle-blocks-advanced-columns-overlay\"><\/div><div class=\"innerblocks-wrap\">\n<div id=\"wp-block-themeisle-blocks-advanced-column-eb734ebd\" class=\"wp-block-themeisle-blocks-advanced-column\">\n<div id=\"wp-block-themeisle-blocks-button-group-02e58065\" class=\"wp-block-themeisle-blocks-button-group wp-block-buttons align-center\">\n<div id=\"wp-block-themeisle-blocks-button-4beeccd5\" class=\"wp-block-themeisle-blocks-button wp-block-button\"><a href=\"\" target=\"_self\" rel=\"noopener noreferrer\" class=\"wp-block-button__link\"><i class=\"fas fa-fw fa-star\"><\/i><\/a><\/div>\n\n\n\n<div id=\"wp-block-themeisle-blocks-button-4d144465\" class=\"wp-block-themeisle-blocks-button wp-block-button\"><a href=\"\" target=\"_self\" rel=\"noopener noreferrer\" class=\"wp-block-button__link\"><i class=\"fas fa-fw fa-star\"><\/i><\/a><\/div>\n\n\n\n<div id=\"wp-block-themeisle-blocks-button-eb6b0a05\" class=\"wp-block-themeisle-blocks-button wp-block-button\"><a href=\"\" target=\"_self\" rel=\"noopener noreferrer\" class=\"wp-block-button__link\"><i class=\"fas fa-fw fa-star\"><\/i><\/a><\/div>\n\n\n\n<div id=\"wp-block-themeisle-blocks-button-10f8f9db\" class=\"wp-block-themeisle-blocks-button wp-block-button\"><a href=\"\" target=\"_self\" rel=\"noopener noreferrer\" class=\"wp-block-button__link\"><i class=\"fas fa-fw fa-star\"><\/i><\/a><\/div>\n\n\n\n<div id=\"wp-block-themeisle-blocks-button-2044e888\" class=\"wp-block-themeisle-blocks-button wp-block-button\"><a href=\"\" target=\"_self\" rel=\"noopener noreferrer\" class=\"wp-block-button__link\"><i class=\"fas fa-fw fa-star\"><\/i><\/a><\/div>\n<\/div>\n\n\n\n<p class=\"has-text-align-center\">\u00ab\u00a0Nous avons fait appel \u00e0 MARKETINGAME dans le but de nous accompagner pour d\u00e9velopper notre notori\u00e9t\u00e9 sur les r\u00e9seaux sociaux et celle de nos ambassadeurs ainsi que dans la gestion de notre prospection. Leurs conseils et leur strat\u00e9gie nous a permis de toucher des prospects et annonceurs.\u00a0\u00bb<\/p>\n\n\n\n<h4 id=\"wp-block-themeisle-blocks-advanced-heading-a642b7f0\" class=\"wp-block-themeisle-blocks-advanced-heading wp-block-themeisle-blocks-advanced-heading-a642b7f0\"><strong>M. Bernardin<\/strong><\/h4>\n\n\n\n<p class=\"has-text-align-center\" style=\"font-size:14px\">Co-Founder &#8211; BF Agency<\/p>\n\n\n<div class=\"wp-block-image is-resized is-style-circle-mask is-style-rounded\">\n<figure class=\"aligncenter size-large\"><a href=\"https:\/\/www.instagram.com\/bfagency_talents\/\" target=\"_blank\" rel=\"noopener\"><img loading=\"lazy\" decoding=\"async\" width=\"1024\" height=\"1024\" src=\"http:\/\/mkgame.fr\/wp-content\/uploads\/2022\/03\/Sans-titre-1-1024x1024.png\" alt=\"\" class=\"wp-image-291\" style=\"width:56px;height:auto\" srcset=\"https:\/\/mkgame.fr\/wp-content\/uploads\/2022\/03\/Sans-titre-1-1024x1024.png 1024w, https:\/\/mkgame.fr\/wp-content\/uploads\/2022\/03\/Sans-titre-1-300x300.png 300w, https:\/\/mkgame.fr\/wp-content\/uploads\/2022\/03\/Sans-titre-1-150x150.png 150w, https:\/\/mkgame.fr\/wp-content\/uploads\/2022\/03\/Sans-titre-1-768x768.png 768w, https:\/\/mkgame.fr\/wp-content\/uploads\/2022\/03\/Sans-titre-1.png 1080w\" sizes=\"auto, (max-width: 1024px) 100vw, 1024px\" \/><\/a><\/figure><\/div><\/div>\n\n\n\n<div id=\"wp-block-themeisle-blocks-advanced-column-6d3792cb\" class=\"wp-block-themeisle-blocks-advanced-column\">\n<div id=\"wp-block-themeisle-blocks-button-group-a787ccb3\" class=\"wp-block-themeisle-blocks-button-group wp-block-buttons align-center\">\n<div id=\"wp-block-themeisle-blocks-button-7a8dcf54\" class=\"wp-block-themeisle-blocks-button wp-block-button\"><a href=\"\" target=\"_self\" rel=\"noopener noreferrer\" class=\"wp-block-button__link\"><i class=\"fas fa-fw fa-star\"><\/i><\/a><\/div>\n\n\n\n<div id=\"wp-block-themeisle-blocks-button-4610b501\" class=\"wp-block-themeisle-blocks-button wp-block-button\"><a href=\"\" target=\"_self\" rel=\"noopener noreferrer\" class=\"wp-block-button__link\"><i class=\"fas fa-fw fa-star\"><\/i><\/a><\/div>\n\n\n\n<div id=\"wp-block-themeisle-blocks-button-ea015f06\" class=\"wp-block-themeisle-blocks-button wp-block-button\"><a href=\"\" target=\"_self\" rel=\"noopener noreferrer\" class=\"wp-block-button__link\"><i class=\"fas fa-fw fa-star\"><\/i><\/a><\/div>\n\n\n\n<div id=\"wp-block-themeisle-blocks-button-12692940\" class=\"wp-block-themeisle-blocks-button wp-block-button\"><a href=\"\" target=\"_self\" rel=\"noopener noreferrer\" class=\"wp-block-button__link\"><i class=\"fas fa-fw fa-star\"><\/i><\/a><\/div>\n\n\n\n<div id=\"wp-block-themeisle-blocks-button-915a778f\" class=\"wp-block-themeisle-blocks-button wp-block-button\"><a href=\"\" target=\"_self\" rel=\"noopener noreferrer\" class=\"wp-block-button__link\"><i class=\"fas fa-fw fa-star\"><\/i><\/a><\/div>\n<\/div>\n\n\n\n<p class=\"has-text-align-center\">\u00ab\u00a0Nous avons fait appel \u00e0 l&rsquo;agence MARKETINGAME afin de nous conseiller dans le d\u00e9veloppement de nos supports commerciaux. L&rsquo;agence nous a magnifiquement r\u00e9alis\u00e9 un dossier de prospection qui nous a permis de d\u00e9crocher un appel d&rsquo;offre au niveau r\u00e9gional.\u00a0\u00bb<\/p>\n\n\n\n<h4 id=\"wp-block-themeisle-blocks-advanced-heading-1c99dda7\" class=\"wp-block-themeisle-blocks-advanced-heading wp-block-themeisle-blocks-advanced-heading-1c99dda7\"><strong>M. Assedo<\/strong><\/h4>\n\n\n\n<p class=\"has-text-align-center\" style=\"font-size:14px\">General Manager &#8211; Quadrissimo<\/p>\n\n\n<div class=\"wp-block-image is-resized is-style-circle-mask\">\n<figure class=\"aligncenter size-large\"><a href=\"http:\/\/www.quadrissimo.com\/\" target=\"_blank\" rel=\"noopener\"><img loading=\"lazy\" decoding=\"async\" width=\"1024\" height=\"1024\" src=\"http:\/\/mkgame.fr\/wp-content\/uploads\/2022\/03\/01_Logo-Quadrissimo-1024x1024.jpg\" alt=\"\" class=\"wp-image-283\" style=\"width:62px;height:auto\" srcset=\"https:\/\/mkgame.fr\/wp-content\/uploads\/2022\/03\/01_Logo-Quadrissimo-1024x1024.jpg 1024w, https:\/\/mkgame.fr\/wp-content\/uploads\/2022\/03\/01_Logo-Quadrissimo-300x300.jpg 300w, https:\/\/mkgame.fr\/wp-content\/uploads\/2022\/03\/01_Logo-Quadrissimo-150x150.jpg 150w, https:\/\/mkgame.fr\/wp-content\/uploads\/2022\/03\/01_Logo-Quadrissimo-768x769.jpg 768w, https:\/\/mkgame.fr\/wp-content\/uploads\/2022\/03\/01_Logo-Quadrissimo-1536x1536.jpg 1536w, https:\/\/mkgame.fr\/wp-content\/uploads\/2022\/03\/01_Logo-Quadrissimo-2046x2048.jpg 2046w\" sizes=\"auto, (max-width: 1024px) 100vw, 1024px\" \/><\/a><\/figure><\/div><\/div>\n\n\n\n<div id=\"wp-block-themeisle-blocks-advanced-column-e52f962f\" class=\"wp-block-themeisle-blocks-advanced-column\">\n<div id=\"wp-block-themeisle-blocks-button-group-0baaf4bd\" class=\"wp-block-themeisle-blocks-button-group wp-block-buttons align-center\">\n<div id=\"wp-block-themeisle-blocks-button-1a67d015\" class=\"wp-block-themeisle-blocks-button wp-block-button\"><a href=\"\" target=\"_self\" rel=\"noopener noreferrer\" class=\"wp-block-button__link\"><i class=\"fas fa-fw fa-star\"><\/i><\/a><\/div>\n\n\n\n<div id=\"wp-block-themeisle-blocks-button-534fa098\" class=\"wp-block-themeisle-blocks-button wp-block-button\"><a href=\"\" target=\"_self\" rel=\"noopener noreferrer\" class=\"wp-block-button__link\"><i class=\"fas fa-fw fa-star\"><\/i><\/a><\/div>\n\n\n\n<div id=\"wp-block-themeisle-blocks-button-39878cd6\" class=\"wp-block-themeisle-blocks-button wp-block-button\"><a href=\"\" target=\"_self\" rel=\"noopener noreferrer\" class=\"wp-block-button__link\"><i class=\"fas fa-fw fa-star\"><\/i><\/a><\/div>\n\n\n\n<div id=\"wp-block-themeisle-blocks-button-b9fcd93f\" class=\"wp-block-themeisle-blocks-button wp-block-button\"><a href=\"\" target=\"_self\" rel=\"noopener noreferrer\" class=\"wp-block-button__link\"><i class=\"fas fa-fw fa-star\"><\/i><\/a><\/div>\n\n\n\n<div id=\"wp-block-themeisle-blocks-button-9b8b66f1\" class=\"wp-block-themeisle-blocks-button wp-block-button\"><a href=\"\" target=\"_self\" rel=\"noopener noreferrer\" class=\"wp-block-button__link\"><i class=\"fas fa-fw fa-star\"><\/i><\/a><\/div>\n<\/div>\n\n\n\n<p class=\"has-text-align-center\">\u00ab\u00a0L&rsquo;Agence MARKETINGAME nous a accompagn\u00e9 avec succ\u00e8s dans le d\u00e9veloppement de nos r\u00e9seaux sociaux afin d&rsquo;accro\u00eetre notre communaut\u00e9 ainsi que dans la gestion de nos campagnes de promotion paid media pour augmenter la notori\u00e9t\u00e9 de notre marque et de nos produits.\u00a0\u00bb<\/p>\n\n\n\n<h4 id=\"wp-block-themeisle-blocks-advanced-heading-2718bb82\" class=\"wp-block-themeisle-blocks-advanced-heading wp-block-themeisle-blocks-advanced-heading-2718bb82\"><strong>A. Benabdelmoumene<\/strong><\/h4>\n\n\n\n<p class=\"has-text-align-center\" style=\"font-size:14px\">C.E.O. &#8211; BeeBoo<\/p>\n\n\n<div class=\"wp-block-image is-style-circle-mask\">\n<figure class=\"aligncenter size-full is-resized\"><a href=\"https:\/\/beebooshop.com\/\" target=\"_blank\" rel=\"noopener\"><img loading=\"lazy\" decoding=\"async\" width=\"60\" height=\"60\" src=\"http:\/\/mkgame.fr\/wp-content\/uploads\/2022\/03\/Sans-titre-1.jpg\" alt=\"\" class=\"wp-image-285\" style=\"width:58px;height:auto\"\/><\/a><\/figure><\/div><\/div>\n<\/div><\/div>\n\n\n\n<section id=\"wp-block-themeisle-blocks-advanced-columns-faf6acdf\" class=\"wp-block-themeisle-blocks-advanced-columns alignfull has-1-columns has-desktop-equal-layout has-tablet-equal-layout has-mobile-equal-layout has-vertical-center has-dark-bg\"><div class=\"wp-block-themeisle-blocks-advanced-columns-overlay\"><\/div><div class=\"innerblocks-wrap\">\n<div id=\"wp-block-themeisle-blocks-advanced-column-7ec5acd4\" class=\"wp-block-themeisle-blocks-advanced-column\">\n<h1 id=\"wp-block-themeisle-blocks-advanced-heading-13ce2b13\" class=\"wp-block-themeisle-blocks-advanced-heading wp-block-themeisle-blocks-advanced-heading-13ce2b13\">Besoin de Conseils en Marketing et Communication Digitale ?<\/h1>\n\n\n\n<p class=\"has-text-align-center has-white-color has-text-color\">Contactez-nous pour toutes demandes d\u2019informations et de devis, nous reviendrons vers vous dans les plus brefs d\u00e9lais pour vous apporter tous les conseils dont vous avez besoin.<\/p>\n\n\n\n<div class=\"wp-block-buttons is-content-justification-center is-layout-flex wp-container-core-buttons-is-layout-16018d1d wp-block-buttons-is-layout-flex\">\n<div class=\"wp-block-button is-style-primary\"><a class=\"wp-block-button__link wp-element-button\" href=\"http:\/\/mkgame.fr\/index.php\/b34cf-contact\/\">Contactez-nous<\/a><\/div>\n<\/div>\n<\/div>\n<\/div><\/section>\n\n\n\n<div style=\"height:50px\" aria-hidden=\"true\" class=\"wp-block-spacer\"><\/div>\n\n\n<div class=\"wp-block-image is-style-default\">\n<figure class=\"aligncenter size-large is-resized\"><a href=\"http:\/\/mkgame.fr\/\"><img loading=\"lazy\" decoding=\"async\" width=\"1024\" height=\"139\" src=\"http:\/\/mkgame.fr\/wp-content\/uploads\/2022\/03\/MarketinGame-Logo-Horizontal-Couleurs-1024x139.jpg\" alt=\"\" class=\"wp-image-294\" style=\"width:256px;height:35px\" srcset=\"https:\/\/mkgame.fr\/wp-content\/uploads\/2022\/03\/MarketinGame-Logo-Horizontal-Couleurs-1024x139.jpg 1024w, https:\/\/mkgame.fr\/wp-content\/uploads\/2022\/03\/MarketinGame-Logo-Horizontal-Couleurs-300x41.jpg 300w, https:\/\/mkgame.fr\/wp-content\/uploads\/2022\/03\/MarketinGame-Logo-Horizontal-Couleurs-768x104.jpg 768w, https:\/\/mkgame.fr\/wp-content\/uploads\/2022\/03\/MarketinGame-Logo-Horizontal-Couleurs-1536x209.jpg 1536w, https:\/\/mkgame.fr\/wp-content\/uploads\/2022\/03\/MarketinGame-Logo-Horizontal-Couleurs-2048x278.jpg 2048w\" sizes=\"auto, (max-width: 1024px) 100vw, 1024px\" \/><\/a><\/figure><\/div>\n\n\n<div style=\"height:50px\" aria-hidden=\"true\" class=\"wp-block-spacer\"><\/div>\n","protected":false},"excerpt":{"rendered":"","protected":false},"author":1,"featured_media":0,"parent":0,"menu_order":0,"comment_status":"closed","ping_status":"closed","template":"page-templates\/template-pagebuilder-full-width.php","meta":{"neve_meta_sidebar":"full-width","neve_meta_container":"contained","neve_meta_enable_content_width":"on","neve_meta_content_width":100,"neve_meta_title_alignment":"","neve_meta_author_avatar":"","neve_post_elements_order":"","neve_meta_disable_header":"","neve_meta_disable_footer":"","neve_meta_disable_title":"on","_themeisle_gutenberg_block_has_review":false,"footnotes":""},"class_list":["post-118","page","type-page","status-publish","hentry"],"amp_enabled":true,"_links":{"self":[{"href":"https:\/\/mkgame.fr\/index.php\/wp-json\/wp\/v2\/pages\/118","targetHints":{"allow":["GET"]}}],"collection":[{"href":"https:\/\/mkgame.fr\/index.php\/wp-json\/wp\/v2\/pages"}],"about":[{"href":"https:\/\/mkgame.fr\/index.php\/wp-json\/wp\/v2\/types\/page"}],"author":[{"embeddable":true,"href":"https:\/\/mkgame.fr\/index.php\/wp-json\/wp\/v2\/users\/1"}],"replies":[{"embeddable":true,"href":"https:\/\/mkgame.fr\/index.php\/wp-json\/wp\/v2\/comments?post=118"}],"version-history":[{"count":118,"href":"https:\/\/mkgame.fr\/index.php\/wp-json\/wp\/v2\/pages\/118\/revisions"}],"predecessor-version":[{"id":773,"href":"https:\/\/mkgame.fr\/index.php\/wp-json\/wp\/v2\/pages\/118\/revisions\/773"}],"wp:attachment":[{"href":"https:\/\/mkgame.fr\/index.php\/wp-json\/wp\/v2\/media?parent=118"}],"curies":[{"name":"wp","href":"https:\/\/api.w.org\/{rel}","templated":true}]}}